{"id":6725,"date":"2018-12-14T09:46:45","date_gmt":"2018-12-14T08:46:45","guid":{"rendered":"http:\/\/www.studiogardini.it\/?page_id=6725"},"modified":"2019-06-21T22:10:04","modified_gmt":"2019-06-21T20:10:04","slug":"services","status":"publish","type":"page","link":"http:\/\/www.studiogardini.it\/?page_id=6725","title":{"rendered":"Services"},"content":{"rendered":"<p><section  id=\"section-0f16881\" class=\"fw-main-row section  section_padding_top_40 section_padding_bottom_40 columns_padding_15 table_section table_section_md fullwidth-section\" >\r\n    <h3 class=\"hidden\">section-0f16881<\/h3>\r\n    <div class=\"section-overlay\"><\/div>\r\n\t    <div class=\"container-fluid\">\r\n        <div class=\"row\">\r\n\t\t\t<div class=\"special-heading text-center\">\r\n\t<h2 class=\"section_header margin_0  \">\r\n\t<span class=\"lightfont bold text-transform-none\">\r\n\t\tSERVIZI\t<\/span>\r\n\t<\/h2>\r\n<\/div>\r\n        <\/div>\r\n    <\/div>\r\n<\/section><section  id=\"section-1e77f08\" class=\"fw-main-row section  section_padding_top_50 section_padding_bottom_50 columns_padding_15\" >\r\n    <h3 class=\"hidden\">section-1e77f08<\/h3>\r\n    <div class=\"section-overlay\"><\/div>\r\n\t    <div class=\"container\">\r\n        <div class=\"row\">\r\n\t\t\t\r\n\r\n\t<div id=\"divider-32fe30f\" class=\"fw-divider-space \"><\/div>\r\n\r\n<div  id=\"column-d78f85c\" class=\"col-xs-12 col-md-2 fw-column\" >\r\n    <div class=\"column-overlay\"><\/div>\r\n        <div class=\"column-inner \">\r\n                   <\/div>\r\n<\/div>\r\n<div  id=\"column-81a42bb\" class=\"col-xs-12 col-md-8 text-center fw-column\" >\r\n    <div class=\"column-overlay\"><\/div>\r\n        <div class=\"column-inner \">\r\n           <div class=\"text-block shortcode \">\r\n\t<h5>Lo Studio Gardini si occupa prevalentemente di consulenza e assistenza in ambito societario, contrattuale, contabile e fiscale fornendo servizi altamente personalizzati e qualificati; in particolare siamo specializzati nei seguenti ambiti:<\/h5><\/div>\r\n        <\/div>\r\n<\/div>\r\n<div  id=\"column-c34555c\" class=\"col-xs-12 col-md-2 fw-column\" >\r\n    <div class=\"column-overlay\"><\/div>\r\n        <div class=\"column-inner \">\r\n                   <\/div>\r\n<\/div>\r\n\r\n\r\n\t<div id=\"divider-1482f64\" class=\"fw-divider-space \"><\/div>\r\n\r\n<div class=\"columns_padding_15\">\r\n\t<div class=\"isotope_container isotope row masonry-layout shortcode-service\"\r\n\t\t\t>\r\n\t\t\t\t\t<div\r\n\t\t\t\tclass=\"isotope-item col-lg-4 col-md-4 col-sm-6 col-xs-12 servizi \">\r\n\t\t\t\t\r\n<div id=\"service-69f3819ce8bd4\" class=\"service_item media-box icon_left\">\r\n    <div class=\"box_icon\">\r\n                <div class=\"service_icon\">\r\n            <a class=\"permalink\" href=\"http:\/\/www.studiogardini.it\/?fw-services=corporate-law\">\r\n                <img src=\"http:\/\/www.studiogardini.it\/wp-content\/uploads\/2018\/12\/icona-diritto-1.png\" alt=\"\">            <\/a>\r\n        <\/div>\r\n            <\/div>\r\n    <div class=\"box-wrap\">\r\n        <h5 class=\"box-heading\">\r\n            <a href=\"http:\/\/www.studiogardini.it\/?fw-services=corporate-law\">\r\n                Diritto commerciale            <\/a>\r\n        <\/h5>\r\n        <span class=\"short_line\"><span><\/span><\/span>\r\n        <div class=\"excerpt\">\r\n            <p>Lo Studio segue le aziende e i professionisti sin dal nascere delle loro esigenze di business.<\/p>\n        <\/div>\r\n    <\/div>\r\n\r\n<\/div>\t\t\t<\/div>\r\n\t\t\t\t\t<div\r\n\t\t\t\tclass=\"isotope-item col-lg-4 col-md-4 col-sm-6 col-xs-12 servizi \">\r\n\t\t\t\t\r\n<div id=\"service-69f3819ce9263\" class=\"service_item media-box icon_left\">\r\n    <div class=\"box_icon\">\r\n                <div class=\"service_icon\">\r\n            <a class=\"permalink\" href=\"http:\/\/www.studiogardini.it\/?fw-services=real-estate-law\">\r\n                <img src=\"http:\/\/www.studiogardini.it\/wp-content\/uploads\/2018\/11\/icona-contabilit\u00e0.png\" alt=\"\">            <\/a>\r\n        <\/div>\r\n            <\/div>\r\n    <div class=\"box-wrap\">\r\n        <h5 class=\"box-heading\">\r\n            <a href=\"http:\/\/www.studiogardini.it\/?fw-services=real-estate-law\">\r\n                Contabilit\u00e0 e dichiarativi fiscali            <\/a>\r\n        <\/h5>\r\n        <span class=\"short_line\"><span><\/span><\/span>\r\n        <div class=\"excerpt\">\r\n            <p>Offriamo i pi\u00f9 ampi servizi di consulenza in tema di contabilit\u00e0.<\/p>\n        <\/div>\r\n    <\/div>\r\n\r\n<\/div>\t\t\t<\/div>\r\n\t\t\t\t\t<div\r\n\t\t\t\tclass=\"isotope-item col-lg-4 col-md-4 col-sm-6 col-xs-12 servizi \">\r\n\t\t\t\t\r\n<div id=\"service-69f3819ce9857\" class=\"service_item media-box icon_left\">\r\n    <div class=\"box_icon\">\r\n                <div class=\"service_icon\">\r\n            <a class=\"permalink\" href=\"http:\/\/www.studiogardini.it\/?fw-services=financial-law\">\r\n                <img src=\"http:\/\/www.studiogardini.it\/wp-content\/uploads\/2018\/11\/icona-analisi-di-bilancio.png\" alt=\"\">            <\/a>\r\n        <\/div>\r\n            <\/div>\r\n    <div class=\"box-wrap\">\r\n        <h5 class=\"box-heading\">\r\n            <a href=\"http:\/\/www.studiogardini.it\/?fw-services=financial-law\">\r\n                Analisi del bilancio            <\/a>\r\n        <\/h5>\r\n        <span class=\"short_line\"><span><\/span><\/span>\r\n        <div class=\"excerpt\">\r\n            <p>Il Bilancio \u00e8 lo strumento pi\u00f9 antico e con cui da sempre si analizzano le performance di una societ\u00e0.<\/p>\n        <\/div>\r\n    <\/div>\r\n\r\n<\/div>\t\t\t<\/div>\r\n\t\t\t\t\t<div\r\n\t\t\t\tclass=\"isotope-item col-lg-4 col-md-4 col-sm-6 col-xs-12 servizi \">\r\n\t\t\t\t\r\n<div id=\"service-69f3819ce9e4f\" class=\"service_item media-box icon_left\">\r\n    <div class=\"box_icon\">\r\n                <div class=\"service_icon\">\r\n            <a class=\"permalink\" href=\"http:\/\/www.studiogardini.it\/?fw-services=insurance\">\r\n                <img src=\"http:\/\/www.studiogardini.it\/wp-content\/uploads\/2018\/11\/icona-fatturazione-elettronica.png\" alt=\"\">            <\/a>\r\n        <\/div>\r\n            <\/div>\r\n    <div class=\"box-wrap\">\r\n        <h5 class=\"box-heading\">\r\n            <a href=\"http:\/\/www.studiogardini.it\/?fw-services=insurance\">\r\n                Predisposizione di budget economico finanziari            <\/a>\r\n        <\/h5>\r\n        <span class=\"short_line\"><span><\/span><\/span>\r\n        <div class=\"excerpt\">\r\n            <p>Il Budget economico finanziario: uno strumento sempre pi\u00f9 attuale!<\/p>\n        <\/div>\r\n    <\/div>\r\n\r\n<\/div>\t\t\t<\/div>\r\n\t\t\t\t\t<div\r\n\t\t\t\tclass=\"isotope-item col-lg-4 col-md-4 col-sm-6 col-xs-12 servizi \">\r\n\t\t\t\t\r\n<div id=\"service-69f3819cea432\" class=\"service_item media-box icon_left\">\r\n    <div class=\"box_icon\">\r\n                <div class=\"service_icon\">\r\n            <a class=\"permalink\" href=\"http:\/\/www.studiogardini.it\/?fw-services=civil-ligitation\">\r\n                <img src=\"http:\/\/www.studiogardini.it\/wp-content\/uploads\/2018\/12\/icona-contenzioso-fiscale-1.png\" alt=\"\">            <\/a>\r\n        <\/div>\r\n            <\/div>\r\n    <div class=\"box-wrap\">\r\n        <h5 class=\"box-heading\">\r\n            <a href=\"http:\/\/www.studiogardini.it\/?fw-services=civil-ligitation\">\r\n                Contenzioso fiscale e tributario            <\/a>\r\n        <\/h5>\r\n        <span class=\"short_line\"><span><\/span><\/span>\r\n        <div class=\"excerpt\">\r\n            <p>Lo Studio si occupa di assistere il Cliente in ogni step del contenzioso fiscale e tributario.<\/p>\n        <\/div>\r\n    <\/div>\r\n\r\n<\/div>\t\t\t<\/div>\r\n\t\t\t\t\t<div\r\n\t\t\t\tclass=\"isotope-item col-lg-4 col-md-4 col-sm-6 col-xs-12 servizi \">\r\n\t\t\t\t\r\n<div id=\"service-69f3819ceaa22\" class=\"service_item media-box icon_left\">\r\n    <div class=\"box_icon\">\r\n                <div class=\"service_icon\">\r\n            <a class=\"permalink\" href=\"http:\/\/www.studiogardini.it\/?fw-services=environment\">\r\n                <img src=\"http:\/\/www.studiogardini.it\/wp-content\/uploads\/2018\/11\/icona-consulenza-1.png\" alt=\"\">            <\/a>\r\n        <\/div>\r\n            <\/div>\r\n    <div class=\"box-wrap\">\r\n        <h5 class=\"box-heading\">\r\n            <a href=\"http:\/\/www.studiogardini.it\/?fw-services=environment\">\r\n                Consulenza del lavoro e consulenza giuridica            <\/a>\r\n        <\/h5>\r\n        <span class=\"short_line\"><span><\/span><\/span>\r\n        <div class=\"excerpt\">\r\n            <p>Lo Studio si avvale della collaborazione di altrettanti qualificati studi di consulenza del lavoro nonch\u00e9 di studi legali.<\/p>\n        <\/div>\r\n    <\/div>\r\n\r\n<\/div>\t\t\t<\/div>\r\n\t\t\t\t\t<\/div><!-- eof .isotope_container -->\r\n<\/div><!-- eof .columns_padding_* -->        <\/div>\r\n    <\/div>\r\n<\/section><section  id=\"section-bd08737\" class=\"fw-main-row section  section_padding_top_25 section_padding_bottom_25 columns_padding_15 fullwidth-section\" >\r\n    <h3 class=\"hidden\">section-bd08737<\/h3>\r\n    <div class=\"section-overlay\"><\/div>\r\n\t    <div class=\"container-fluid\">\r\n        <div class=\"row\">\r\n\t\t\t        <\/div>\r\n    <\/div>\r\n<\/section><\/p>\n","protected":false},"excerpt":{"rendered":"<p>section-ce80de5 SERVIZI section-85be736 Consulenza del lavoro e consulenza giuridica section-05599db Lo Studio si avvale della collaborazione di altrettanti qualificati studi notarili, legali nonch\u00e9 di studi specializzati in consulenza del lavoro.<\/p>\n","protected":false},"author":1,"featured_media":0,"parent":0,"menu_order":0,"comment_status":"closed","ping_status":"closed","template":"page-templates\/full-width.php","meta":[],"_links":{"self":[{"href":"http:\/\/www.studiogardini.it\/index.php?rest_route=\/wp\/v2\/pages\/6725"}],"collection":[{"href":"http:\/\/www.studiogardini.it\/index.php?rest_route=\/wp\/v2\/pages"}],"about":[{"href":"http:\/\/www.studiogardini.it\/index.php?rest_route=\/wp\/v2\/types\/page"}],"author":[{"embeddable":true,"href":"http:\/\/www.studiogardini.it\/index.php?rest_route=\/wp\/v2\/users\/1"}],"replies":[{"embeddable":true,"href":"http:\/\/www.studiogardini.it\/index.php?rest_route=%2Fwp%2Fv2%2Fcomments&post=6725"}],"version-history":[{"count":40,"href":"http:\/\/www.studiogardini.it\/index.php?rest_route=\/wp\/v2\/pages\/6725\/revisions"}],"predecessor-version":[{"id":6826,"href":"http:\/\/www.studiogardini.it\/index.php?rest_route=\/wp\/v2\/pages\/6725\/revisions\/6826"}],"wp:attachment":[{"href":"http:\/\/www.studiogardini.it\/index.php?rest_route=%2Fwp%2Fv2%2Fmedia&parent=6725"}],"curies":[{"name":"wp","href":"https:\/\/api.w.org\/{rel}","templated":true}]}}